{"id":274,"date":"2021-04-14T03:30:36","date_gmt":"2021-04-14T03:30:36","guid":{"rendered":"https:\/\/www.sebhas.com\/?page_id=274"},"modified":"2021-06-03T15:50:59","modified_gmt":"2021-06-03T15:50:59","slug":"home-2","status":"publish","type":"page","link":"https:\/\/www.sebhas.com\/","title":{"rendered":"Home"},"content":{"rendered":"\t\t<div data-elementor-type=\"wp-page\" data-elementor-id=\"274\" class=\"elementor elementor-274\" data-elementor-settings=\"[]\">\n\t\t\t\t\t\t<div class=\"elementor-inner\">\n\t\t\t\t\t\t\t<div class=\"elementor-section-wrap\">\n\t\t\t\t\t\t\t<header class=\"elementor-section elementor-top-section elementor-element elementor-element-958e601 elementor-section-full_width elementor-section-height-full elementor-section-height-default elementor-section-items-middle\" data-id=\"958e601\" data-element_type=\"section\" data-settings=\"{&quot;background_background&quot;:&quot;classic&quot;}\">\n\t\t\t\t\t\t<div class=\"elementor-container elementor-column-gap-default\">\n\t\t\t\t\t\t\t<div class=\"elementor-row\">\n\t\t\t\t\t<header class=\"elementor-column elementor-col-100 elementor-top-column elementor-element elementor-element-ed30798\" data-id=\"ed30798\" data-element_type=\"column\">\n\t\t\t<div class=\"elementor-column-wrap elementor-element-populated\">\n\t\t\t\t\t\t\t<div class=\"elementor-widget-wrap\">\n\t\t\t\t\t\t<div class=\"elementor-element elementor-element-3b991a1 elementor-hidden-desktop elementor-hidden-tablet elementor-widget elementor-widget-spacer\" data-id=\"3b991a1\" data-element_type=\"widget\" data-widget_type=\"spacer.default\">\n\t\t\t\t<div class=\"elementor-widget-container\">\n\t\t\t\t\t<div class=\"elementor-spacer\">\n\t\t\t<div class=\"elementor-spacer-inner\"><\/div>\n\t\t<\/div>\n\t\t\t\t<\/div>\n\t\t\t\t<\/div>\n\t\t\t\t\t\t<\/div>\n\t\t\t\t\t<\/div>\n\t\t<\/header>\n\t\t\t\t\t\t\t\t<\/div>\n\t\t\t\t\t<\/div>\n\t\t<\/header>\n\t\t\t\t<section class=\"elementor-section elementor-top-section elementor-element elementor-element-b2fbba9 elementor-section-full_width elementor-section-height-default elementor-section-height-default\" data-id=\"b2fbba9\" data-element_type=\"section\">\n\t\t\t\t\t\t<div class=\"elementor-container elementor-column-gap-default\">\n\t\t\t\t\t\t\t<div class=\"elementor-row\">\n\t\t\t\t\t<div class=\"elementor-column elementor-col-100 elementor-top-column elementor-element elementor-element-c20e5aa\" data-id=\"c20e5aa\" data-element_type=\"column\">\n\t\t\t<div class=\"elementor-column-wrap elementor-element-populated\">\n\t\t\t\t\t\t\t<div class=\"elementor-widget-wrap\">\n\t\t\t\t\t\t<div class=\"elementor-element elementor-element-3c31de7 elementor-icon-list--layout-inline elementor-list-item-link-inline elementor-align-center elementor-widget elementor-widget-icon-list\" data-id=\"3c31de7\" data-element_type=\"widget\" data-widget_type=\"icon-list.default\">\n\t\t\t\t<div class=\"elementor-widget-container\">\n\t\t\t\t\t<ul class=\"elementor-icon-list-items elementor-inline-items\">\n\t\t\t\t\t\t\t<li class=\"elementor-icon-list-item elementor-inline-item\">\n\t\t\t\t\t<a href=\"mailto:%20contacto@sebhas.com\">\t\t\t\t\t\t<span class=\"elementor-icon-list-icon\">\n\t\t\t\t\t\t\t<i aria-hidden=\"true\" class=\"far fa-envelope\"><\/i>\t\t\t\t\t\t<\/span>\n\t\t\t\t\t\t\t\t\t\t<span class=\"elementor-icon-list-text\"><\/span>\n\t\t\t\t\t\t\t\t\t\t\t<\/a>\n\t\t\t\t\t\t\t\t\t<\/li>\n\t\t\t\t\t\t\t\t<li class=\"elementor-icon-list-item elementor-inline-item\">\n\t\t\t\t\t<a href=\"https:\/\/www.facebook.com\/sebhasmusica\" target=\"_blank\">\t\t\t\t\t\t<span class=\"elementor-icon-list-icon\">\n\t\t\t\t\t\t\t<i aria-hidden=\"true\" class=\"fab fa-facebook-f\"><\/i>\t\t\t\t\t\t<\/span>\n\t\t\t\t\t\t\t\t\t\t<span class=\"elementor-icon-list-text\"><\/span>\n\t\t\t\t\t\t\t\t\t\t\t<\/a>\n\t\t\t\t\t\t\t\t\t<\/li>\n\t\t\t\t\t\t\t\t<li class=\"elementor-icon-list-item elementor-inline-item\">\n\t\t\t\t\t<a href=\"https:\/\/www.instagram.com\/sebhasmusic\/\">\t\t\t\t\t\t<span class=\"elementor-icon-list-icon\">\n\t\t\t\t\t\t\t<i aria-hidden=\"true\" class=\"fab fa-instagram\"><\/i>\t\t\t\t\t\t<\/span>\n\t\t\t\t\t\t\t\t\t\t<span class=\"elementor-icon-list-text\"><\/span>\n\t\t\t\t\t\t\t\t\t\t\t<\/a>\n\t\t\t\t\t\t\t\t\t<\/li>\n\t\t\t\t\t\t\t\t<li class=\"elementor-icon-list-item elementor-inline-item\">\n\t\t\t\t\t<a href=\"https:\/\/www.youtube.com\/c\/Sebhas\">\t\t\t\t\t\t<span class=\"elementor-icon-list-icon\">\n\t\t\t\t\t\t\t<i aria-hidden=\"true\" class=\"fab fa-youtube\"><\/i>\t\t\t\t\t\t<\/span>\n\t\t\t\t\t\t\t\t\t\t<span class=\"elementor-icon-list-text\"><\/span>\n\t\t\t\t\t\t\t\t\t\t\t<\/a>\n\t\t\t\t\t\t\t\t\t<\/li>\n\t\t\t\t\t\t<\/ul>\n\t\t\t\t<\/div>\n\t\t\t\t<\/div>\n\t\t\t\t\t\t<\/div>\n\t\t\t\t\t<\/div>\n\t\t<\/div>\n\t\t\t\t\t\t\t\t<\/div>\n\t\t\t\t\t<\/div>\n\t\t<\/section>\n\t\t\t\t<section class=\"elementor-section elementor-top-section elementor-element elementor-element-5442174 elementor-section-boxed elementor-section-height-default elementor-section-height-default\" data-id=\"5442174\" data-element_type=\"section\">\n\t\t\t\t\t\t<div class=\"elementor-container elementor-column-gap-default\">\n\t\t\t\t\t\t\t<div class=\"elementor-row\">\n\t\t\t\t\t<div class=\"elementor-column elementor-col-66 elementor-top-column elementor-element elementor-element-16987a9\" data-id=\"16987a9\" data-element_type=\"column\">\n\t\t\t<div class=\"elementor-column-wrap elementor-element-populated\">\n\t\t\t\t\t\t\t<div class=\"elementor-widget-wrap\">\n\t\t\t\t\t\t<div class=\"elementor-element elementor-element-9e19c90 elementor-widget elementor-widget-image\" data-id=\"9e19c90\" data-element_type=\"widget\" data-widget_type=\"image.default\">\n\t\t\t\t<div class=\"elementor-widget-container\">\n\t\t\t\t\t<div class=\"elementor-image\">\n\t\t\t\t\t\t\t\t\t\t<img width=\"300\" height=\"75\" src=\"https:\/\/www.sebhas.com\/wp-content\/uploads\/2021\/04\/Sebhas-logo-400x100-1-300x75.png\" class=\"attachment-medium size-medium\" alt=\"\" loading=\"lazy\" srcset=\"https:\/\/www.sebhas.com\/wp-content\/uploads\/2021\/04\/Sebhas-logo-400x100-1-300x75.png 300w, https:\/\/www.sebhas.com\/wp-content\/uploads\/2021\/04\/Sebhas-logo-400x100-1-396x100.png 396w, https:\/\/www.sebhas.com\/wp-content\/uploads\/2021\/04\/Sebhas-logo-400x100-1.png 400w\" sizes=\"(max-width: 300px) 100vw, 300px\" \/>\t\t\t\t\t\t\t\t\t\t\t<\/div>\n\t\t\t\t<\/div>\n\t\t\t\t<\/div>\n\t\t\t\t<div class=\"elementor-element elementor-element-af3342f elementor-widget elementor-widget-spacer\" data-id=\"af3342f\" data-element_type=\"widget\" data-widget_type=\"spacer.default\">\n\t\t\t\t<div class=\"elementor-widget-container\">\n\t\t\t\t\t<div class=\"elementor-spacer\">\n\t\t\t<div class=\"elementor-spacer-inner\"><\/div>\n\t\t<\/div>\n\t\t\t\t<\/div>\n\t\t\t\t<\/div>\n\t\t\t\t<div class=\"elementor-element elementor-element-ad9623d elementor-widget elementor-widget-text-editor\" data-id=\"ad9623d\" data-element_type=\"widget\" data-widget_type=\"text-editor.default\">\n\t\t\t\t<div class=\"elementor-widget-container\">\n\t\t\t\t\t<div class=\"elementor-text-editor elementor-clearfix\"><p dir=\"ltr\">Cantante, compositor y m\u00fasico\u00a0 colombiano\u00a0 radicado en Espa\u00f1a.\u00a0 Empez\u00f3 en la m\u00fasica desde muy peque\u00f1o escuchando g\u00e9neros tan dispares como glam metal o bambucos colombianos.<\/p><p dir=\"ltr\">Actualmente se encuentra trabajando en su primer \u00e1lbum de estudio <strong>MI DESTINO<\/strong>.\u00a0 Producto de la fusi\u00f3n de diferentes ritmos y g\u00e9neros.\u00a0 Canciones que vienen con letras cargadas de amor y desamor, en el cual podemos disfrutar mezclas de pop rock, jazz y pop urbano.<\/p><p dir=\"ltr\">Producido por <a href=\"https:\/\/www.instagram.com\/bacque_recording\/\"><strong>Luis Bacque<\/strong><\/a><strong>,<\/strong> ingeniero de sonido, m\u00fasico y productor argentino (Cubeatz, Ricardo Montaner, Guillermo Klein).\u00a0 Tambi\u00e9n en la producci\u00f3n cuenta con la colaboraci\u00f3n de la baterista argentina <a href=\"https:\/\/www.instagram.com\/giullianamerello\/?hl=es\/\"><b>Giulliana Merello<\/b><\/a> ( Karol G, Buika, Larry Braggs) y la guitarrista colombiana <a href=\"https:\/\/www.instagram.com\/susvasquez\/?hl=es\/%22\"><b>Sus V\u00e1squez<\/b><\/a> (Luis Fonsi, Karol G).\u00a0 En los coros participa la cantante argentina <a href=\"https:\/\/www.instagram.com\/meymusica\/?hl=es\/\"><b>Mey<\/b><\/a> (David Guetta).\u00a0<\/p><\/div>\n\t\t\t\t<\/div>\n\t\t\t\t<\/div>\n\t\t\t\t<div class=\"elementor-element elementor-element-32b96dd play-list elementor-widget elementor-widget-music-player\" data-id=\"32b96dd\" data-element_type=\"widget\" data-widget_type=\"music-player.default\">\n\t\t\t\t<div class=\"elementor-widget-container\">\n\t\t\t<article class=\"iron_widget_radio playlist_enabled \"><div class=\"iron-audioplayer  show-playlist sonaar-no-artwork sr_waveform_\" id=\"arbitrary-instance-69f4d6e119b37-91bec20137\" data-id=\"arbitrary-instance-69f4d6e119b37\" data-albums=\"274\"data-url-playlist=\"https:\/\/www.sebhas.com\/?load=playlist.json&#038;title=&#038;albums=274&#038;feed_title=&#038;feed=1&#038;feed_img=&#038;el_widget_id=32b96dd&#038;artwork=\" data-sticky-player=\"\" data-shuffle=\"\" data-playlist_title=\"Mi Destino\" data-scrollbar=\"\" data-wave-color=\"\" data-wave-progress-color=\"\" data-no-wave=\"\" data-hide-progressbar=\"\" data-feedurl=\"1\" data-notrackskip=\"\" style=\"opacity:0;\">\n            \n            <div class=\"sonaar-grid sonaar-grid-2 sonaar-grid-fullwidth-mobile\">\n                \n                <div class=\"playlist\">\n                 <h3 class=\"sr_it-playlist-title\">Mi Destino<\/h3>\n                 <div class=\"sr_it-playlist-release-date\"><span class=\"sr_it-date-value\"><\/span><\/div>\n                    <ul class\"\"><li \n            class=\"sr-playlist-item\" \n            data-audiopath=\"https:\/\/www.sebhas.com\/wp-content\/uploads\/2021\/06\/04-Echale-Fuego.mp3\"\n            data-showloading=\"1\"\n            data-albumTitle=\"Mi Destino\"\n            data-albumArt=\"\"\n            data-releasedate=\"\"\n            data-trackTitle=\"Echale Fuego\"\n            data-trackID=\"\"\n            data-trackTime=\"3:51\"\n            ><span class=\"store-list\"><\/span><\/li><li \n            class=\"sr-playlist-item\" \n            data-audiopath=\"https:\/\/www.sebhas.com\/wp-content\/uploads\/2021\/06\/02-No-Digas-Que-No.mp3\"\n            data-showloading=\"1\"\n            data-albumTitle=\"Mi Destino\"\n            data-albumArt=\"\"\n            data-releasedate=\"\"\n            data-trackTitle=\"No Digas Que No\"\n            data-trackID=\"\"\n            data-trackTime=\"3:47\"\n            ><span class=\"store-list\"><\/span><\/li><li \n            class=\"sr-playlist-item\" \n            data-audiopath=\"https:\/\/www.sebhas.com\/wp-content\/uploads\/2021\/06\/03-Lo-Siento.mp3\"\n            data-showloading=\"1\"\n            data-albumTitle=\"Mi Destino\"\n            data-albumArt=\"\"\n            data-releasedate=\"\"\n            data-trackTitle=\"Lo Siento\"\n            data-trackID=\"\"\n            data-trackTime=\"3:29\"\n            ><span class=\"store-list\"><\/span><\/li><li \n            class=\"sr-playlist-item\" \n            data-audiopath=\"https:\/\/www.sebhas.com\/wp-content\/uploads\/2021\/06\/01-Tentacion.mp3\"\n            data-showloading=\"1\"\n            data-albumTitle=\"Mi Destino\"\n            data-albumArt=\"\"\n            data-releasedate=\"\"\n            data-trackTitle=\"Tentacion\"\n            data-trackID=\"\"\n            data-trackTime=\"3:35\"\n            ><span class=\"store-list\"><\/span><\/li><li \n            class=\"sr-playlist-item\" \n            data-audiopath=\"https:\/\/www.sebhas.com\/wp-content\/uploads\/2021\/06\/07-Justo-Antes.mp3\"\n            data-showloading=\"1\"\n            data-albumTitle=\"Mi Destino\"\n            data-albumArt=\"\"\n            data-releasedate=\"\"\n            data-trackTitle=\"Justo Antes\"\n            data-trackID=\"\"\n            data-trackTime=\"3:51\"\n            ><span class=\"store-list\"><\/span><\/li><\/ul>\n                <\/div>\n            <\/div>\n            <div class=\"album-player\" >\n                \n                <div class=\"album-title\"><\/div>\n                \n            <div class=\"track-title\"><\/div>\n        \n                <div class=\"player \" >\n                    <div class=\"sr_progressbar\">\n                \n            <div class=\"currentTime\"><\/div>\n         \n                <div id=\"arbitrary-instance-69f4d6e119b37-0260d395ee-wave\" class=\"wave\" >\n                \n            <div class=\"sonaar_fake_wave\" >\n                <audio src=\"\" class=\"sonaar_media_element\"><\/audio>\n                <div class=\"sonaar_wave_base\">\n                    <canvas id=arbitrary-instance-69f4d6e119b37-container class=\"\" height=\"70\" width=\"2540\"><\/canvas>\n                    <svg><\/svg>\n                <\/div>\n                <div class=\"sonaar_wave_cut\">\n                    <canvas id=arbitrary-instance-69f4d6e119b37-progress class=\"\" height=\"70\" width=\"2540\"><\/canvas>\n                    <svg><\/svg>\n                <\/div>\n            <\/div> \n                <\/div>\n                \n            <div class=\"totalTime\"><\/div>\n         \n             <\/div>\n                    <div class=\"control\"><div class=\"previous\" style=\"opacity:0;\">\n                        <svg version=\"1.1\" id=\"Layer_1\" xmlns=\"http:\/\/www.w3.org\/2000\/svg\" xmlns:xlink=\"http:\/\/www.w3.org\/1999\/xlink\" x=\"0px\" y=\"0px\" viewBox=\"0 0 10.2 11.7\" style=\"enable-background:new 0 0 10.2 11.7;\" xml:space=\"preserve\">\n                            <polygon points=\"10.2,0 1.4,5.3 1.4,0 0,0 0,11.7 1.4,11.7 1.4,6.2 10.2,11.7\"\/>\n                        <\/svg>\n                    <\/div><div class=\"play\" style=\"opacity:0;\">\n                    <svg version=\"1.1\" xmlns=\"http:\/\/www.w3.org\/2000\/svg\" xmlns:xlink=\"http:\/\/www.w3.org\/1999\/xlink\" x=\"0px\" y=\"0px\" viewBox=\"0 0 17.5 21.2\" style=\"enable-background:new 0 0 17.5 21.2;\" xml:space=\"preserve\">\n                        <path d=\"M0,0l17.5,10.9L0,21.2V0z\"\/>\n                        <rect width=\"6\" height=\"21.2\"\/>\n                        <rect x=\"11.5\" width=\"6\" height=\"21.2\"\/>\n                    <\/svg>\n                <\/div><div class=\"next\" style=\"opacity:0;\">\n                    <svg version=\"1.1\" xmlns=\"http:\/\/www.w3.org\/2000\/svg\" xmlns:xlink=\"http:\/\/www.w3.org\/1999\/xlink\" x=\"0px\" y=\"0px\" viewBox=\"0 0 10.2 11.7\" style=\"enable-background:new 0 0 10.2 11.7;\" xml:space=\"preserve\">\n                        <polygon points=\"0,11.7 8.8,6.4 8.8,11.7 10.2,11.7 10.2,0 8.8,0 8.8,5.6 0,0\"\/>\n                    <\/svg>\n                <\/div><\/div>\n                <\/div>\n            <\/div>\n            <div class=\"album-store\"><\/div>\n        <\/div><\/article>\t\t<\/div>\n\t\t\t\t<\/div>\n\t\t\t\t<div class=\"elementor-element elementor-element-fc8172d elementor-icon-list--layout-inline elementor-list-item-link-inline elementor-align-center elementor-mobile-align-center elementor-widget elementor-widget-icon-list\" data-id=\"fc8172d\" data-element_type=\"widget\" data-widget_type=\"icon-list.default\">\n\t\t\t\t<div class=\"elementor-widget-container\">\n\t\t\t\t\t<ul class=\"elementor-icon-list-items elementor-inline-items\">\n\t\t\t\t\t\t\t<li class=\"elementor-icon-list-item elementor-inline-item\">\n\t\t\t\t\t<a href=\"mailto:%20contacto@sebhas.com\">\t\t\t\t\t\t<span class=\"elementor-icon-list-icon\">\n\t\t\t\t\t\t\t<i aria-hidden=\"true\" class=\"far fa-envelope\"><\/i>\t\t\t\t\t\t<\/span>\n\t\t\t\t\t\t\t\t\t\t<span class=\"elementor-icon-list-text\"><\/span>\n\t\t\t\t\t\t\t\t\t\t\t<\/a>\n\t\t\t\t\t\t\t\t\t<\/li>\n\t\t\t\t\t\t\t\t<li class=\"elementor-icon-list-item elementor-inline-item\">\n\t\t\t\t\t<a href=\"https:\/\/www.facebook.com\/sebhasmusica\" target=\"_blank\">\t\t\t\t\t\t<span class=\"elementor-icon-list-icon\">\n\t\t\t\t\t\t\t<i aria-hidden=\"true\" class=\"fab fa-facebook-f\"><\/i>\t\t\t\t\t\t<\/span>\n\t\t\t\t\t\t\t\t\t\t<span class=\"elementor-icon-list-text\"><\/span>\n\t\t\t\t\t\t\t\t\t\t\t<\/a>\n\t\t\t\t\t\t\t\t\t<\/li>\n\t\t\t\t\t\t\t\t<li class=\"elementor-icon-list-item elementor-inline-item\">\n\t\t\t\t\t<a href=\"https:\/\/www.instagram.com\/sebhasmusic\/\" target=\"_blank\">\t\t\t\t\t\t<span class=\"elementor-icon-list-icon\">\n\t\t\t\t\t\t\t<i aria-hidden=\"true\" class=\"fab fa-instagram\"><\/i>\t\t\t\t\t\t<\/span>\n\t\t\t\t\t\t\t\t\t\t<span class=\"elementor-icon-list-text\"><\/span>\n\t\t\t\t\t\t\t\t\t\t\t<\/a>\n\t\t\t\t\t\t\t\t\t<\/li>\n\t\t\t\t\t\t\t\t<li class=\"elementor-icon-list-item elementor-inline-item\">\n\t\t\t\t\t<a href=\"https:\/\/www.youtube.com\/c\/Sebhas\" target=\"_blank\">\t\t\t\t\t\t<span class=\"elementor-icon-list-icon\">\n\t\t\t\t\t\t\t<i aria-hidden=\"true\" class=\"fab fa-youtube\"><\/i>\t\t\t\t\t\t<\/span>\n\t\t\t\t\t\t\t\t\t\t<span class=\"elementor-icon-list-text\"><\/span>\n\t\t\t\t\t\t\t\t\t\t\t<\/a>\n\t\t\t\t\t\t\t\t\t<\/li>\n\t\t\t\t\t\t<\/ul>\n\t\t\t\t<\/div>\n\t\t\t\t<\/div>\n\t\t\t\t\t\t<\/div>\n\t\t\t\t\t<\/div>\n\t\t<\/div>\n\t\t\t\t<div class=\"elementor-column elementor-col-33 elementor-top-column elementor-element elementor-element-d959df3\" data-id=\"d959df3\" data-element_type=\"column\">\n\t\t\t<div class=\"elementor-column-wrap elementor-element-populated\">\n\t\t\t\t\t\t\t<div class=\"elementor-widget-wrap\">\n\t\t\t\t\t\t<div class=\"elementor-element elementor-element-948826b elementor-invisible elementor-widget elementor-widget-image\" data-id=\"948826b\" data-element_type=\"widget\" data-settings=\"{&quot;_animation&quot;:&quot;fadeInRight&quot;}\" data-widget_type=\"image.default\">\n\t\t\t\t<div class=\"elementor-widget-container\">\n\t\t\t\t\t<div class=\"elementor-image\">\n\t\t\t\t\t\t\t\t\t\t<img width=\"576\" height=\"1024\" src=\"https:\/\/www.sebhas.com\/wp-content\/uploads\/2021\/04\/Sebhas-lateral-1080x1920-1-576x1024.jpg\" class=\"attachment-large size-large\" alt=\"\" loading=\"lazy\" srcset=\"https:\/\/www.sebhas.com\/wp-content\/uploads\/2021\/04\/Sebhas-lateral-1080x1920-1-576x1024.jpg 576w, https:\/\/www.sebhas.com\/wp-content\/uploads\/2021\/04\/Sebhas-lateral-1080x1920-1-169x300.jpg 169w, https:\/\/www.sebhas.com\/wp-content\/uploads\/2021\/04\/Sebhas-lateral-1080x1920-1-768x1365.jpg 768w, https:\/\/www.sebhas.com\/wp-content\/uploads\/2021\/04\/Sebhas-lateral-1080x1920-1-864x1536.jpg 864w, https:\/\/www.sebhas.com\/wp-content\/uploads\/2021\/04\/Sebhas-lateral-1080x1920-1.jpg 1080w\" sizes=\"(max-width: 576px) 100vw, 576px\" \/>\t\t\t\t\t\t\t\t\t\t\t<\/div>\n\t\t\t\t<\/div>\n\t\t\t\t<\/div>\n\t\t\t\t\t\t<\/div>\n\t\t\t\t\t<\/div>\n\t\t<\/div>\n\t\t\t\t\t\t\t\t<\/div>\n\t\t\t\t\t<\/div>\n\t\t<\/section>\n\t\t\t\t\t\t<\/div>\n\t\t\t\t\t\t<\/div>\n\t\t\t\t\t<\/div>\n\t\t","protected":false},"excerpt":{"rendered":"<p>Cantante, compositor y m\u00fasico\u00a0 colombiano\u00a0 radicado en Espa\u00f1a.\u00a0 Empez\u00f3 en la m\u00fasica desde muy peque\u00f1o escuchando g\u00e9neros tan dispares como glam metal o bambucos colombianos. Actualmente se encuentra trabajando en su primer \u00e1lbum de estudio MI DESTINO.\u00a0 Producto de la fusi\u00f3n de diferentes ritmos y g\u00e9neros.\u00a0 Canciones que vienen con letras cargadas de amor y [&hellip;]<\/p>\n","protected":false},"author":2,"featured_media":0,"parent":0,"menu_order":0,"comment_status":"closed","ping_status":"closed","template":"elementor_canvas","meta":[],"_links":{"self":[{"href":"https:\/\/www.sebhas.com\/index.php\/wp-json\/wp\/v2\/pages\/274"}],"collection":[{"href":"https:\/\/www.sebhas.com\/index.php\/wp-json\/wp\/v2\/pages"}],"about":[{"href":"https:\/\/www.sebhas.com\/index.php\/wp-json\/wp\/v2\/types\/page"}],"author":[{"embeddable":true,"href":"https:\/\/www.sebhas.com\/index.php\/wp-json\/wp\/v2\/users\/2"}],"replies":[{"embeddable":true,"href":"https:\/\/www.sebhas.com\/index.php\/wp-json\/wp\/v2\/comments?post=274"}],"version-history":[{"count":93,"href":"https:\/\/www.sebhas.com\/index.php\/wp-json\/wp\/v2\/pages\/274\/revisions"}],"predecessor-version":[{"id":411,"href":"https:\/\/www.sebhas.com\/index.php\/wp-json\/wp\/v2\/pages\/274\/revisions\/411"}],"wp:attachment":[{"href":"https:\/\/www.sebhas.com\/index.php\/wp-json\/wp\/v2\/media?parent=274"}],"curies":[{"name":"wp","href":"https:\/\/api.w.org\/{rel}","templated":true}]}}